{"id":57,"date":"2019-06-14T23:50:26","date_gmt":"2019-06-14T21:50:26","guid":{"rendered":"http:\/\/www.consejodirectivo.appcotecnova.es\/?page_id=57"},"modified":"2025-02-11T20:46:10","modified_gmt":"2025-02-11T19:46:10","slug":"documentos","status":"publish","type":"page","link":"https:\/\/www.consejodirectivo.appcotecnova.es\/index.php\/documentos\/","title":{"rendered":"Documentos"},"content":{"rendered":"\t\t<div data-elementor-type=\"wp-post\" data-elementor-id=\"57\" class=\"elementor elementor-57\" data-elementor-settings=\"[]\">\n\t\t\t\t\t\t<div class=\"elementor-inner\">\n\t\t\t\t\t\t\t<div class=\"elementor-section-wrap\">\n\t\t\t\t\t\t\t<section class=\"elementor-section elementor-top-section elementor-element elementor-element-af5144b elementor-section-boxed elementor-section-height-default elementor-section-height-default\" data-id=\"af5144b\" data-element_type=\"section\">\n\t\t\t\t\t\t<div class=\"elementor-container elementor-column-gap-default\">\n\t\t\t\t\t\t\t<div class=\"elementor-row\">\n\t\t\t\t\t<div class=\"elementor-column elementor-col-100 elementor-top-column elementor-element elementor-element-4406036\" data-id=\"4406036\" data-element_type=\"column\">\n\t\t\t<div class=\"elementor-column-wrap elementor-element-populated\">\n\t\t\t\t\t\t\t<div class=\"elementor-widget-wrap\">\n\t\t\t\t\t\t<div class=\"elementor-element elementor-element-851fb2d elementor-tabs-view-horizontal elementor-widget elementor-widget-tabs\" data-id=\"851fb2d\" data-element_type=\"widget\" data-widget_type=\"tabs.default\">\n\t\t\t\t<div class=\"elementor-widget-container\">\n\t\t\t\t\t<div class=\"elementor-tabs\">\n\t\t\t<div class=\"elementor-tabs-wrapper\" role=\"tablist\" >\n\t\t\t\t\t\t\t\t\t<div id=\"elementor-tab-title-1391\" class=\"elementor-tab-title elementor-tab-desktop-title\" aria-selected=\"true\" data-tab=\"1\" role=\"tab\" tabindex=\"0\" aria-controls=\"elementor-tab-content-1391\" aria-expanded=\"false\"><a href=\"\">Asamblea General<\/a><\/div>\n\t\t\t\t\t\t\t\t\t<div id=\"elementor-tab-title-1392\" class=\"elementor-tab-title elementor-tab-desktop-title\" aria-selected=\"false\" data-tab=\"2\" role=\"tab\" tabindex=\"-1\" aria-controls=\"elementor-tab-content-1392\" aria-expanded=\"false\"><a href=\"\">Reglamentos<\/a><\/div>\n\t\t\t\t\t\t\t\t\t<div id=\"elementor-tab-title-1393\" class=\"elementor-tab-title elementor-tab-desktop-title\" aria-selected=\"false\" data-tab=\"3\" role=\"tab\" tabindex=\"-1\" aria-controls=\"elementor-tab-content-1393\" aria-expanded=\"false\"><a href=\"\">Informes Consejo Directivo<\/a><\/div>\n\t\t\t\t\t\t\t\t\t<div id=\"elementor-tab-title-1394\" class=\"elementor-tab-title elementor-tab-desktop-title\" aria-selected=\"false\" data-tab=\"4\" role=\"tab\" tabindex=\"-1\" aria-controls=\"elementor-tab-content-1394\" aria-expanded=\"false\"><a href=\"\">Lecturas previas Consejo Directivo<\/a><\/div>\n\t\t\t\t\t\t\t<\/div>\n\t\t\t<div class=\"elementor-tabs-content-wrapper\" role=\"tablist\" aria-orientation=\"vertical\">\n\t\t\t\t\t\t\t\t\t<div class=\"elementor-tab-title elementor-tab-mobile-title\" aria-selected=\"true\" data-tab=\"1\" role=\"tab\" tabindex=\"0\" aria-controls=\"elementor-tab-content-1391\" aria-expanded=\"false\">Asamblea General<\/div>\n\t\t\t\t\t<div id=\"elementor-tab-content-1391\" class=\"elementor-tab-content elementor-clearfix\" data-tab=\"1\" role=\"tabpanel\" aria-labelledby=\"elementor-tab-title-1391\" tabindex=\"0\" hidden=\"false\"><ul><li><a href=\"https:\/\/www.consejodirectivo.appcotecnova.es\/wp-content\/uploads\/2023\/03\/INFORME-DE-GESTION-2022.pdf\">Informe de Gesti\u00f3n Rectoral a\u00f1o 2022.<\/a><\/li><li><a href=\"https:\/\/www.consejodirectivo.appcotecnova.es\/wp-content\/uploads\/2023\/03\/PROPUESTA-INVERSION-DE-EXCEDENTES.pdf\">Propuesta Inversi\u00f3n de Excedentes.<\/a><\/li><li><a href=\"https:\/\/www.consejodirectivo.appcotecnova.es\/wp-content\/uploads\/2023\/03\/ESTADOS-FINANCIEROS-ANO-2022.pdf\">Estados Financieros a\u00f1o 2022.<\/a><\/li><\/ul><\/div>\n\t\t\t\t\t\t\t\t\t<div class=\"elementor-tab-title elementor-tab-mobile-title\" aria-selected=\"false\" data-tab=\"2\" role=\"tab\" tabindex=\"-1\" aria-controls=\"elementor-tab-content-1392\" aria-expanded=\"false\">Reglamentos<\/div>\n\t\t\t\t\t<div id=\"elementor-tab-content-1392\" class=\"elementor-tab-content elementor-clearfix\" data-tab=\"2\" role=\"tabpanel\" aria-labelledby=\"elementor-tab-title-1392\" tabindex=\"0\" hidden=\"hidden\"><ul><li><a href=\"https:\/\/www.consejodirectivo.appcotecnova.es\/wp-content\/uploads\/2021\/01\/Estatutos-Vigentes-2021.pdf\">Estatutos Vigentes<\/a><\/li><li><a href=\"https:\/\/www.consejodirectivo.appcotecnova.es\/wp-content\/uploads\/2021\/06\/ACUERDO-No.-006-ACTUALIZACION-REGLAMENTO-CONSEJO-DIRECTIVO.pdf\">Reglamento Consejo Directivo<\/a><\/li><li><a href=\"http:\/\/www.consejodirectivo.appcotecnova.es\/wp-content\/uploads\/2019\/09\/Codigo-Etica-2019.pdf\">C\u00f3digo de \u00c9tica<\/a><\/li><\/ul><\/div>\n\t\t\t\t\t\t\t\t\t<div class=\"elementor-tab-title elementor-tab-mobile-title\" aria-selected=\"false\" data-tab=\"3\" role=\"tab\" tabindex=\"-1\" aria-controls=\"elementor-tab-content-1393\" aria-expanded=\"false\">Informes Consejo Directivo<\/div>\n\t\t\t\t\t<div id=\"elementor-tab-content-1393\" class=\"elementor-tab-content elementor-clearfix\" data-tab=\"3\" role=\"tabpanel\" aria-labelledby=\"elementor-tab-title-1393\" tabindex=\"0\" hidden=\"hidden\"><\/div>\n\t\t\t\t\t\t\t\t\t<div class=\"elementor-tab-title elementor-tab-mobile-title\" aria-selected=\"false\" data-tab=\"4\" role=\"tab\" tabindex=\"-1\" aria-controls=\"elementor-tab-content-1394\" aria-expanded=\"false\">Lecturas previas Consejo Directivo<\/div>\n\t\t\t\t\t<div id=\"elementor-tab-content-1394\" class=\"elementor-tab-content elementor-clearfix\" data-tab=\"4\" role=\"tabpanel\" aria-labelledby=\"elementor-tab-title-1394\" tabindex=\"0\" hidden=\"hidden\"><p><a href=\"https:\/\/drive.google.com\/file\/d\/1QrW8OYp60qkD5VQdVEgba2_c9ZQy9q4E\/view?usp=sharing\">&#8211; ACTA No. 001 Reuni\u00f3n Ordinaria de Consejo Directivo, 30 de enero de 2025<\/a><\/p><\/div>\n\t\t\t\t\t\t\t<\/div>\n\t\t<\/div>\n\t\t\t\t<\/div>\n\t\t\t\t<\/div>\n\t\t\t\t\t\t<\/div>\n\t\t\t\t\t<\/div>\n\t\t<\/div>\n\t\t\t\t\t\t\t\t<\/div>\n\t\t\t\t\t<\/div>\n\t\t<\/section>\n\t\t\t\t\t\t<\/div>\n\t\t\t\t\t\t<\/div>\n\t\t\t\t\t<\/div>\n\t\t","protected":false},"excerpt":{"rendered":"<p>Asamblea General Reglamentos Informes Consejo Directivo Lecturas previas Consejo Directivo Asamblea General Informe de Gesti\u00f3n Rectoral a\u00f1o 2022. Propuesta Inversi\u00f3n de Excedentes. Estados Financieros a\u00f1o 2022. Reglamentos Estatutos Vigentes Reglamento Consejo Directivo C\u00f3digo de \u00c9tica Informes Consejo Directivo Lecturas previas Consejo Directivo &#8211; ACTA No. 001 Reuni\u00f3n Ordinaria de Consejo Directivo, 30 de enero de [&hellip;]<\/p>\n","protected":false},"author":1,"featured_media":0,"parent":0,"menu_order":0,"comment_status":"closed","ping_status":"closed","template":"","meta":[],"_links":{"self":[{"href":"https:\/\/www.consejodirectivo.appcotecnova.es\/index.php\/wp-json\/wp\/v2\/pages\/57"}],"collection":[{"href":"https:\/\/www.consejodirectivo.appcotecnova.es\/index.php\/wp-json\/wp\/v2\/pages"}],"about":[{"href":"https:\/\/www.consejodirectivo.appcotecnova.es\/index.php\/wp-json\/wp\/v2\/types\/page"}],"author":[{"embeddable":true,"href":"https:\/\/www.consejodirectivo.appcotecnova.es\/index.php\/wp-json\/wp\/v2\/users\/1"}],"replies":[{"embeddable":true,"href":"https:\/\/www.consejodirectivo.appcotecnova.es\/index.php\/wp-json\/wp\/v2\/comments?post=57"}],"version-history":[{"count":269,"href":"https:\/\/www.consejodirectivo.appcotecnova.es\/index.php\/wp-json\/wp\/v2\/pages\/57\/revisions"}],"predecessor-version":[{"id":792,"href":"https:\/\/www.consejodirectivo.appcotecnova.es\/index.php\/wp-json\/wp\/v2\/pages\/57\/revisions\/792"}],"wp:attachment":[{"href":"https:\/\/www.consejodirectivo.appcotecnova.es\/index.php\/wp-json\/wp\/v2\/media?parent=57"}],"curies":[{"name":"wp","href":"https:\/\/api.w.org\/{rel}","templated":true}]}}